{"id":828,"date":"2022-08-25T12:23:31","date_gmt":"2022-08-25T10:23:31","guid":{"rendered":"https:\/\/mecanizadosidt.com\/index.php\/proceso-productos-y-servicios-2\/"},"modified":"2023-04-05T18:19:42","modified_gmt":"2023-04-05T16:19:42","slug":"comment-nous-travaillons","status":"publish","type":"page","link":"https:\/\/mecanizadosidt.com\/fr\/index.php\/comment-nous-travaillons\/","title":{"rendered":"Comment nous travaillons"},"content":{"rendered":"<p>[et_pb_section fb_built=\u00a0\u00bb1&Prime; admin_label=\u00a0\u00bbHeader\u00a0\u00bb _builder_version=\u00a0\u00bb4.17.4&Prime; _module_preset=\u00a0\u00bbdefault\u00a0\u00bb use_background_color_gradient=\u00a0\u00bbon\u00a0\u00bb background_color_gradient_type=\u00a0\u00bbcircular\u00a0\u00bb background_color_gradient_direction_radial=\u00a0\u00bbtop left\u00a0\u00bb background_color_gradient_stops=\u00a0\u00bbrgba(255,255,255,0.89) 30%|rgba(255,255,255,0) 80%\u00a0\u00bb background_color_gradient_overlays_image=\u00a0\u00bbon\u00a0\u00bb background_color_gradient_start=\u00a0\u00bbrgba(255,255,255,0.89)\u00a0\u00bb background_color_gradient_start_position=\u00a0\u00bb30%\u00a0\u00bb background_color_gradient_end=\u00a0\u00bbrgba(255,255,255,0)\u00a0\u00bb background_color_gradient_end_position=\u00a0\u00bb80%\u00a0\u00bb background_image=\u00a0\u00bbhttps:\/\/mecanizadosidt.com\/wp-content\/uploads\/2022\/08\/metalworking-cnc-milling-machine-cutting-metal-modern-processing-technology-1-scaled.jpg\u00a0\u00bb custom_padding=\u00a0\u00bb5vw|0px|0|0px|false|false\u00a0\u00bb collapsed=\u00a0\u00bboff\u00a0\u00bb global_colors_info=\u00a0\u00bb{}\u00a0\u00bb][et_pb_row _builder_version=\u00a0\u00bb4.16&Prime; _module_preset=\u00a0\u00bbdefault\u00a0\u00bb custom_margin=\u00a0\u00bb|||\u00a0\u00bb collapsed=\u00a0\u00bboff\u00a0\u00bb global_colors_info=\u00a0\u00bb{}\u00a0\u00bb][et_pb_column type=\u00a0\u00bb4_4&Prime; _builder_version=\u00a0\u00bb4.16&Prime; _module_preset=\u00a0\u00bbdefault\u00a0\u00bb custom_padding=\u00a0\u00bb|||\u00a0\u00bb global_colors_info=\u00a0\u00bb{}\u00a0\u00bb custom_padding__hover=\u00a0\u00bb|||\u00a0\u00bb][et_pb_text _builder_version=\u00a0\u00bb4.19.0&Prime; _module_preset=\u00a0\u00bbdefault\u00a0\u00bb text_font=\u00a0\u00bb||||||||\u00a0\u00bb header_font=\u00a0\u00bbRaleway|700|||||||\u00a0\u00bb header_font_size=\u00a0\u00bb80px\u00a0\u00bb header_line_height=\u00a0\u00bb1.2em\u00a0\u00bb header_5_font=\u00a0\u00bbRaleway|700||on|||||\u00a0\u00bb header_5_text_color=\u00a0\u00bb#000000&Prime; header_5_font_size=\u00a0\u00bb20px\u00a0\u00bb header_5_letter_spacing=\u00a0\u00bb0.5em\u00a0\u00bb header_5_line_height=\u00a0\u00bb1.8em\u00a0\u00bb animation_style=\u00a0\u00bbzoom\u00a0\u00bb animation_intensity_zoom=\u00a0\u00bb5%\u00a0\u00bb header_font_size_tablet=\u00a0\u00bb48px\u00a0\u00bb header_font_size_phone=\u00a0\u00bb32px\u00a0\u00bb header_font_size_last_edited=\u00a0\u00bbon|phone\u00a0\u00bb header_5_font_size_tablet=\u00a0\u00bb14px\u00a0\u00bb header_5_font_size_phone=\u00a0\u00bb12px\u00a0\u00bb header_5_font_size_last_edited=\u00a0\u00bbon|desktop\u00a0\u00bb global_colors_info=\u00a0\u00bb{}\u00a0\u00bb]<\/p>\n<h5>\u00a0<\/h5>\n<h1><span class=\"HwtZe\" lang=\"fr\"><span class=\"jCAhz ChMk0b\"><span class=\"ryNqvb\">Comment nous travaillons<\/span><\/span><\/span><\/h1>\n<p>[\/et_pb_text][\/et_pb_column][\/et_pb_row][et_pb_row column_structure=\u00a0\u00bb1_3,1_3,1_3&Prime; use_custom_gutter=\u00a0\u00bbon\u00a0\u00bb gutter_width=\u00a0\u00bb2&Prime; make_equal=\u00a0\u00bbon\u00a0\u00bb custom_padding_last_edited=\u00a0\u00bbon|desktop\u00a0\u00bb _builder_version=\u00a0\u00bb4.17.4&Prime; _module_preset=\u00a0\u00bbdefault\u00a0\u00bb background_color=\u00a0\u00bb#ffffff\u00a0\u00bb width=\u00a0\u00bb95%\u00a0\u00bb max_width=\u00a0\u00bb95%\u00a0\u00bb module_alignment=\u00a0\u00bbright\u00a0\u00bb custom_margin=\u00a0\u00bb2vw||||false|false\u00a0\u00bb custom_padding=\u00a0\u00bb0|0px|0px|15vw|false|false\u00a0\u00bb custom_padding_tablet=\u00a0\u00bb|||10vw\u00a0\u00bb custom_padding_phone=\u00a0\u00bb\u00a0\u00bb animation_style=\u00a0\u00bbslide\u00a0\u00bb animation_direction=\u00a0\u00bbleft\u00a0\u00bb animation_intensity_slide=\u00a0\u00bb5%\u00a0\u00bb use_custom_width=\u00a0\u00bbon\u00a0\u00bb width_unit=\u00a0\u00bboff\u00a0\u00bb custom_width_percent=\u00a0\u00bb90%\u00a0\u00bb locked=\u00a0\u00bboff\u00a0\u00bb collapsed=\u00a0\u00bboff\u00a0\u00bb global_colors_info=\u00a0\u00bb{}\u00a0\u00bb][et_pb_column type=\u00a0\u00bb1_3&Prime; _builder_version=\u00a0\u00bb4.17.1&Prime; _module_preset=\u00a0\u00bbdefault\u00a0\u00bb custom_padding=\u00a0\u00bb15px||||false|false\u00a0\u00bb custom_padding_tablet=\u00a0\u00bb40px|||\u00a0\u00bb custom_padding_phone=\u00a0\u00bb20px|||\u00a0\u00bb custom_padding_last_edited=\u00a0\u00bboff|desktop\u00a0\u00bb global_colors_info=\u00a0\u00bb{}\u00a0\u00bb padding_phone=\u00a0\u00bb20px|||\u00a0\u00bb padding_tablet=\u00a0\u00bb40px|||\u00a0\u00bb padding_last_edited=\u00a0\u00bboff|desktop\u00a0\u00bb custom_padding__hover=\u00a0\u00bb|||\u00a0\u00bb][et_pb_blurb title=\u00a0\u00bbtaller@mecanizadosidt.com\u00a0\u00bb url=\u00a0\u00bbmailto:taller@mecanizadosidt.com\u00a0\u00bb use_icon=\u00a0\u00bbon\u00a0\u00bb font_icon=\u00a0\u00bb&#xf1fa;||fa||900&Prime; icon_color=\u00a0\u00bb#c3cfd6&Prime; icon_placement=\u00a0\u00bbleft\u00a0\u00bb image_icon_width=\u00a0\u00bb24px\u00a0\u00bb admin_label=\u00a0\u00bbemail\u00a0\u00bb _builder_version=\u00a0\u00bb4.19.0&Prime; _module_preset=\u00a0\u00bbdefault\u00a0\u00bb header_level=\u00a0\u00bbh5&Prime; header_font=\u00a0\u00bbRaleway|700|||||||\u00a0\u00bb header_line_height=\u00a0\u00bb1.4em\u00a0\u00bb link_option_url=\u00a0\u00bbmailto:taller@mecanizadosidt.com\u00a0\u00bb icon_font_size=\u00a0\u00bb24px\u00a0\u00bb global_colors_info=\u00a0\u00bb{}\u00a0\u00bb][\/et_pb_blurb][\/et_pb_column][et_pb_column type=\u00a0\u00bb1_3&Prime; _builder_version=\u00a0\u00bb4.17.1&Prime; _module_preset=\u00a0\u00bbdefault\u00a0\u00bb custom_padding=\u00a0\u00bb15px||||false|false\u00a0\u00bb custom_padding_tablet=\u00a0\u00bb40px|||\u00a0\u00bb custom_padding_phone=\u00a0\u00bb20px|||\u00a0\u00bb custom_padding_last_edited=\u00a0\u00bboff|desktop\u00a0\u00bb global_colors_info=\u00a0\u00bb{}\u00a0\u00bb padding_phone=\u00a0\u00bb20px|||\u00a0\u00bb padding_tablet=\u00a0\u00bb40px|||\u00a0\u00bb padding_last_edited=\u00a0\u00bboff|desktop\u00a0\u00bb custom_padding__hover=\u00a0\u00bb|||\u00a0\u00bb][et_pb_blurb title=\u00a0\u00bb+34 948332141&Prime; use_icon=\u00a0\u00bbon\u00a0\u00bb font_icon=\u00a0\u00bb&#xe090;||divi||400&Prime; icon_color=\u00a0\u00bb#c3cfd6&Prime; icon_placement=\u00a0\u00bbleft\u00a0\u00bb image_icon_width=\u00a0\u00bb24px\u00a0\u00bb _builder_version=\u00a0\u00bb4.17.1&Prime; _module_preset=\u00a0\u00bbdefault\u00a0\u00bb header_level=\u00a0\u00bbh5&Prime; header_font=\u00a0\u00bbRaleway|700|||||||\u00a0\u00bb header_line_height=\u00a0\u00bb1.4em\u00a0\u00bb icon_font_size=\u00a0\u00bb24px\u00a0\u00bb global_colors_info=\u00a0\u00bb{}\u00a0\u00bb][\/et_pb_blurb][\/et_pb_column][et_pb_column type=\u00a0\u00bb1_3&Prime; _builder_version=\u00a0\u00bb4.17.4&Prime; _module_preset=\u00a0\u00bbdefault\u00a0\u00bb background_color=\u00a0\u00bb#720116&Prime; custom_padding=\u00a0\u00bb|||\u00a0\u00bb custom_padding_tablet=\u00a0\u00bb20px||20px||true\u00a0\u00bb custom_padding_last_edited=\u00a0\u00bboff|desktop\u00a0\u00bb global_colors_info=\u00a0\u00bb{}\u00a0\u00bb padding_tablet=\u00a0\u00bb20px||20px||true\u00a0\u00bb padding_last_edited=\u00a0\u00bboff|desktop\u00a0\u00bb custom_padding__hover=\u00a0\u00bb|||\u00a0\u00bb][et_pb_button button_url=\u00a0\u00bb@ET-DC@eyJkeW5hbWljIjp0cnVlLCJjb250ZW50IjoicG9zdF9saW5rX3VybF9wYWdlIiwic2V0dGluZ3MiOnsicG9zdF9pZCI6IjIxNiJ9fQ==@\u00a0\u00bb button_text=\u00a0\u00bbPr\u00e9sentez-nous votre projet\u00a0\u00bb button_alignment=\u00a0\u00bbcenter\u00a0\u00bb _builder_version=\u00a0\u00bb4.19.0&Prime; _dynamic_attributes=\u00a0\u00bbbutton_url\u00a0\u00bb _module_preset=\u00a0\u00bbdefault\u00a0\u00bb custom_button=\u00a0\u00bbon\u00a0\u00bb button_text_color=\u00a0\u00bb#ffffff\u00a0\u00bb button_bg_color=\u00a0\u00bb#720116&Prime; button_border_width=\u00a0\u00bb0px\u00a0\u00bb button_border_color=\u00a0\u00bbrgba(0,0,0,0)\u00a0\u00bb button_border_radius=\u00a0\u00bb0px\u00a0\u00bb button_font=\u00a0\u00bbRaleway|700|||||||\u00a0\u00bb button_use_icon=\u00a0\u00bboff\u00a0\u00bb custom_padding=\u00a0\u00bb10px||10px||true|false\u00a0\u00bb hover_enabled=\u00a0\u00bb0&Prime; button_border_radius_hover=\u00a0\u00bb0px\u00a0\u00bb global_colors_info=\u00a0\u00bb{}\u00a0\u00bb button_text_size__hover_enabled=\u00a0\u00bboff\u00a0\u00bb button_one_text_size__hover_enabled=\u00a0\u00bboff\u00a0\u00bb button_two_text_size__hover_enabled=\u00a0\u00bboff\u00a0\u00bb button_text_color__hover_enabled=\u00a0\u00bboff\u00a0\u00bb button_one_text_color__hover_enabled=\u00a0\u00bboff\u00a0\u00bb button_two_text_color__hover_enabled=\u00a0\u00bboff\u00a0\u00bb button_border_width__hover_enabled=\u00a0\u00bboff\u00a0\u00bb button_one_border_width__hover_enabled=\u00a0\u00bboff\u00a0\u00bb button_two_border_width__hover_enabled=\u00a0\u00bboff\u00a0\u00bb button_border_color__hover_enabled=\u00a0\u00bboff\u00a0\u00bb button_one_border_color__hover_enabled=\u00a0\u00bboff\u00a0\u00bb button_two_border_color__hover_enabled=\u00a0\u00bboff\u00a0\u00bb button_border_radius__hover_enabled=\u00a0\u00bbon\u00a0\u00bb button_border_radius__hover=\u00a0\u00bb0px\u00a0\u00bb button_one_border_radius__hover_enabled=\u00a0\u00bboff\u00a0\u00bb button_two_border_radius__hover_enabled=\u00a0\u00bboff\u00a0\u00bb button_letter_spacing__hover_enabled=\u00a0\u00bboff\u00a0\u00bb button_one_letter_spacing__hover_enabled=\u00a0\u00bboff\u00a0\u00bb button_two_letter_spacing__hover_enabled=\u00a0\u00bboff\u00a0\u00bb button_bg_color__hover_enabled=\u00a0\u00bboff\u00a0\u00bb button_one_bg_color__hover_enabled=\u00a0\u00bboff\u00a0\u00bb button_two_bg_color__hover_enabled=\u00a0\u00bboff\u00a0\u00bb sticky_enabled=\u00a0\u00bb0&Prime;][\/et_pb_button][\/et_pb_column][\/et_pb_row][\/et_pb_section][et_pb_section fb_built=\u00a0\u00bb1&Prime; admin_label=\u00a0\u00bbIDT intro\u00a0\u00bb _builder_version=\u00a0\u00bb4.17.2&Prime; _module_preset=\u00a0\u00bbdefault\u00a0\u00bb custom_margin=\u00a0\u00bb||-43px|||\u00a0\u00bb collapsed=\u00a0\u00bboff\u00a0\u00bb global_colors_info=\u00a0\u00bb{}\u00a0\u00bb][et_pb_row column_structure=\u00a0\u00bb1_4,1_2,1_4&Prime; _builder_version=\u00a0\u00bb4.19.0&Prime; _module_preset=\u00a0\u00bbdefault\u00a0\u00bb width=\u00a0\u00bb84.9%\u00a0\u00bb min_height=\u00a0\u00bb1013.3px\u00a0\u00bb custom_margin=\u00a0\u00bb|auto|-74px|auto||\u00a0\u00bb custom_padding=\u00a0\u00bb|0px||||\u00a0\u00bb global_colors_info=\u00a0\u00bb{}\u00a0\u00bb][et_pb_column type=\u00a0\u00bb1_4&Prime; _builder_version=\u00a0\u00bb4.17.4&Prime; _module_preset=\u00a0\u00bbdefault\u00a0\u00bb background_enable_image=\u00a0\u00bboff\u00a0\u00bb global_colors_info=\u00a0\u00bb{}\u00a0\u00bb][et_pb_blurb title=\u00a0\u00bbProc\u00e9d\u00e9s d&rsquo;usinage\u00a0\u00bb _builder_version=\u00a0\u00bb4.19.0&Prime; _module_preset=\u00a0\u00bbdefault\u00a0\u00bb header_font=\u00a0\u00bb|700|||||||\u00a0\u00bb header_font_size=\u00a0\u00bb26px\u00a0\u00bb background_color=\u00a0\u00bb#FFFFFF\u00a0\u00bb background_enable_image=\u00a0\u00bboff\u00a0\u00bb global_colors_info=\u00a0\u00bb{}\u00a0\u00bb]<\/p>\n<p>Comment allons-nous fabriquer votre matrice ?<\/p>\n<p>La pi\u00e8ce finale en main, nous effectuons une premi\u00e8re analyse de la bande. Nous r\u00e9digeons en d\u00e9tail les sp\u00e9cifications de votre projet \u00e0 l&rsquo;aide de programmes informatiques.<\/p>\n<p>Nous proc\u00e9dons ensuite \u00e0 une seconde analyse de bande pour obtenir les plans d\u00e9finitifs et garantir une marge d\u2019erreur nulle.<\/p>\n<p>L&rsquo;\u00e9tape suivante est la programmation du centre d&rsquo;usinage \u00e0 l&rsquo;aide de l&rsquo;\u00e9quipement informatique, qui fournit les mesures n\u00e9cessaires \u00e0 nos machines.<\/p>\n<p>Cette \u00e9tape permet de lancer la fabrication de la pi\u00e8ce.<\/p>\n<p>Une fois le processus men\u00e9 \u00e0 bien, on proc\u00e8de au <strong>traitement de surface et au meulage<\/strong> pour rectifier la pi\u00e8ce.\u00a0<\/p>\n<p>Enfin, les finitions sont effectu\u00e9es par des machines de meulage et de d\u00e9coupe au fil afin de <strong>garantir la pr\u00e9cision des cotes<\/strong>.<\/p>\n<p>Nous pouvons appliquer le m\u00eame proc\u00e9d\u00e9 pour <strong>concevoir et fabriquer<\/strong> des instruments de soudage et des <strong>pi\u00e8ces d\u00e9tach\u00e9es pour le d\u00e9coupage<\/strong> (poin\u00e7ons, matrices, tampons).<\/p>\n<p>&nbsp;<\/p>\n<p>&nbsp;<\/p>\n<p style=\"text-align: left;\">[\/et_pb_blurb][\/et_pb_column][et_pb_column type=\u00a0\u00bb1_2&Prime; _builder_version=\u00a0\u00bb4.17.4&Prime; _module_preset=\u00a0\u00bbdefault\u00a0\u00bb global_colors_info=\u00a0\u00bb{}\u00a0\u00bb][et_pb_image src=\u00a0\u00bbhttps:\/\/mecanizadosidt.com\/wp-content\/uploads\/2023\/04\/FRproceso.png\u00a0\u00bb title_text=\u00a0\u00bbFRproceso\u00a0\u00bb _builder_version=\u00a0\u00bb4.19.0&Prime; _module_preset=\u00a0\u00bbdefault\u00a0\u00bb min_height=\u00a0\u00bb971.3px\u00a0\u00bb custom_margin=\u00a0\u00bb||62px|||\u00a0\u00bb custom_padding=\u00a0\u00bb||62px|||\u00a0\u00bb global_colors_info=\u00a0\u00bb{}\u00a0\u00bb][\/et_pb_image][\/et_pb_column][et_pb_column type=\u00a0\u00bb1_4&Prime; _builder_version=\u00a0\u00bb4.17.4&Prime; _module_preset=\u00a0\u00bbdefault\u00a0\u00bb global_colors_info=\u00a0\u00bb{}\u00a0\u00bb][et_pb_toggle title=\u00a0\u00bbNotre m\u00e9tier\u00a0\u00bb open_toggle_text_color=\u00a0\u00bb#000000&Prime; _builder_version=\u00a0\u00bb4.19.0&Prime; _module_preset=\u00a0\u00bbdefault\u00a0\u00bb title_text_color=\u00a0\u00bb#000000&Prime; title_level=\u00a0\u00bbh4&Prime; title_font=\u00a0\u00bb|700|||||||\u00a0\u00bb title_font_size=\u00a0\u00bb26px\u00a0\u00bb body_text_color=\u00a0\u00bb#000000&Prime; width=\u00a0\u00bb100%\u00a0\u00bb global_colors_info=\u00a0\u00bb{}\u00a0\u00bb]<\/p>\n<ul>\n<li>Matrices<\/li>\n<li>Pi\u00e8ces d\u00e9tach\u00e9es<\/li>\n<li>Outillage<\/li>\n<\/ul>\n<p>[\/et_pb_toggle][et_pb_gallery gallery_ids=\u00a0\u00bb483,482,484,481&Prime; show_title_and_caption=\u00a0\u00bboff\u00a0\u00bb show_pagination=\u00a0\u00bboff\u00a0\u00bb _builder_version=\u00a0\u00bb4.19.0&Prime; _module_preset=\u00a0\u00bbdefault\u00a0\u00bb global_colors_info=\u00a0\u00bb{}\u00a0\u00bb][\/et_pb_gallery][\/et_pb_column][\/et_pb_row][\/et_pb_section][et_pb_section fb_built=\u00a0\u00bb1&Prime; admin_label=\u00a0\u00bbIDT intro\u00a0\u00bb _builder_version=\u00a0\u00bb4.17.2&Prime; _module_preset=\u00a0\u00bbdefault\u00a0\u00bb custom_margin=\u00a0\u00bb||-43px|||\u00a0\u00bb collapsed=\u00a0\u00bboff\u00a0\u00bb global_colors_info=\u00a0\u00bb{}\u00a0\u00bb][et_pb_row _builder_version=\u00a0\u00bb4.17.4&Prime; _module_preset=\u00a0\u00bbdefault\u00a0\u00bb global_colors_info=\u00a0\u00bb{}\u00a0\u00bb][et_pb_column type=\u00a0\u00bb4_4&Prime; _builder_version=\u00a0\u00bb4.17.4&Prime; _module_preset=\u00a0\u00bbdefault\u00a0\u00bb global_colors_info=\u00a0\u00bb{}\u00a0\u00bb][et_pb_gallery gallery_ids=\u00a0\u00bb27,28,29,30,31,34,35,36,37,38,39,49,48,50,47,45,43,58,54,40,52,51,56,55,53,33,32,485,113,112,110,111,109,107,108,106,104,105,100,101,99,95,97,491&Prime; posts_number=\u00a0\u00bb28&Prime; show_title_and_caption=\u00a0\u00bboff\u00a0\u00bb _builder_version=\u00a0\u00bb4.17.4&Prime; _module_preset=\u00a0\u00bbdefault\u00a0\u00bb min_height=\u00a0\u00bb809.4px\u00a0\u00bb custom_padding=\u00a0\u00bb0px||164px|||\u00a0\u00bb global_colors_info=\u00a0\u00bb{}\u00a0\u00bb][\/et_pb_gallery][\/et_pb_column][\/et_pb_row][\/et_pb_section]<\/p>\n","protected":false},"excerpt":{"rendered":"<p>\u00a0 Comment nous travaillonsComment allons-nous fabriquer votre matrice ? La pi\u00e8ce finale en main, nous effectuons une premi\u00e8re analyse de la bande. Nous r\u00e9digeons en d\u00e9tail les sp\u00e9cifications de votre projet \u00e0 l&rsquo;aide de programmes informatiques. Nous proc\u00e9dons ensuite \u00e0 une seconde analyse de bande pour obtenir les plans d\u00e9finitifs et garantir une marge d\u2019erreur [&hellip;]<\/p>\n","protected":false},"author":2,"featured_media":0,"parent":0,"menu_order":0,"comment_status":"closed","ping_status":"closed","template":"","meta":{"_et_pb_use_builder":"on","_et_pb_old_content":"<!-- wp:paragraph -->\r\n<p>Ceci est une page d\u2019exemple. C\u2019est diff\u00e9rent d\u2019un article de blog parce qu\u2019elle restera au m\u00eame endroit et appara\u00eetra dans la navigation de votre site (dans la plupart des th\u00e8mes). La plupart des gens commencent par une page \u00ab\u00a0\u00c0 propos\u00a0\u00bb qui les pr\u00e9sente aux personnes visitant le site. Cela pourrait ressembler \u00e0 quelque chose comme cela\u00a0:<\/p>\r\n<!-- \/wp:paragraph -->\r\n\r\n<!-- wp:quote -->\r\n<blockquote class=\"wp-block-quote\"><p>Bonjour\u00a0! Je suis un m\u00e9canicien qui aspire \u00e0 devenir acteur, et voici mon site. J\u2019habite \u00e0 Bordeaux, j\u2019ai un super chien baptis\u00e9 Russell, et j\u2019aime la vodka (ainsi qu\u2019\u00eatre surpris par la pluie soudaine lors de longues balades sur la plage au coucher du soleil).<\/p><\/blockquote>\r\n<!-- \/wp:quote -->\r\n\r\n<!-- wp:paragraph -->\r\n<p>\u2026ou quelque chose comme cela\u00a0:<\/p>\r\n<!-- \/wp:paragraph -->\r\n\r\n<!-- wp:quote -->\r\n<blockquote class=\"wp-block-quote\"><p>La soci\u00e9t\u00e9 123 Machin Truc a \u00e9t\u00e9 cr\u00e9\u00e9e en 1971, et n\u2019a cess\u00e9 de proposer au public des machins-trucs de qualit\u00e9 depuis lors. Situ\u00e9e \u00e0 Saint-Remy-en-Bouzemont-Saint-Genest-et-Isson, 123 Machin Truc emploie 2 000 personnes, et fabrique toutes sortes de bidules supers pour la communaut\u00e9 bouzemontoise.<\/p><\/blockquote>\r\n<!-- \/wp:quote -->\r\n\r\n<!-- wp:paragraph -->\r\n<p>En tant que nouvel utilisateur ou utilisatrice de WordPress, vous devriez vous rendre sur <a href=\"http:\/\/stoakha.cluster031.hosting.ovh.net\/wp-admin\/\">votre tableau de bord<\/a> pour supprimer cette page et cr\u00e9er de nouvelles pages pour votre contenu. Amusez-vous bien\u00a0!<\/p>\r\n<!-- \/wp:paragraph -->","_et_gb_content_width":"","footnotes":""},"class_list":["post-828","page","type-page","status-publish","hentry"],"yoast_head":"<!-- This site is optimized with the Yoast SEO plugin v27.3 - https:\/\/yoast.com\/product\/yoast-seo-wordpress\/ -->\n<title>Comment nous travaillons - Mecanizados IDT<\/title>\n<meta name=\"robots\" content=\"index, follow, max-snippet:-1, max-image-preview:large, max-video-preview:-1\" \/>\n<link rel=\"canonical\" href=\"https:\/\/mecanizadosidt.com\/fr\/index.php\/comment-nous-travaillons\/\" \/>\n<meta property=\"og:locale\" content=\"fr_FR\" \/>\n<meta property=\"og:type\" content=\"article\" \/>\n<meta property=\"og:title\" content=\"Comment nous travaillons - Mecanizados IDT\" \/>\n<meta property=\"og:description\" content=\"\u00a0 Comment nous travaillonsComment allons-nous fabriquer votre matrice ? La pi\u00e8ce finale en main, nous effectuons une premi\u00e8re analyse de la bande. Nous r\u00e9digeons en d\u00e9tail les sp\u00e9cifications de votre projet \u00e0 l&#039;aide de programmes informatiques. Nous proc\u00e9dons ensuite \u00e0 une seconde analyse de bande pour obtenir les plans d\u00e9finitifs et garantir une marge d\u2019erreur [&hellip;]\" \/>\n<meta property=\"og:url\" content=\"https:\/\/mecanizadosidt.com\/fr\/index.php\/comment-nous-travaillons\/\" \/>\n<meta property=\"og:site_name\" content=\"Mecanizados IDT\" \/>\n<meta property=\"article:modified_time\" content=\"2023-04-05T16:19:42+00:00\" \/>\n<meta name=\"twitter:card\" content=\"summary_large_image\" \/>\n<meta name=\"twitter:label1\" content=\"Dur\u00e9e de lecture estim\u00e9e\" \/>\n\t<meta name=\"twitter:data1\" content=\"2 minutes\" \/>\n<script type=\"application\/ld+json\" class=\"yoast-schema-graph\">{\"@context\":\"https:\\\/\\\/schema.org\",\"@graph\":[{\"@type\":\"WebPage\",\"@id\":\"https:\\\/\\\/mecanizadosidt.com\\\/fr\\\/index.php\\\/comment-nous-travaillons\\\/\",\"url\":\"https:\\\/\\\/mecanizadosidt.com\\\/fr\\\/index.php\\\/comment-nous-travaillons\\\/\",\"name\":\"Comment nous travaillons - Mecanizados IDT\",\"isPartOf\":{\"@id\":\"https:\\\/\\\/mecanizadosidt.com\\\/fr\\\/#website\"},\"datePublished\":\"2022-08-25T10:23:31+00:00\",\"dateModified\":\"2023-04-05T16:19:42+00:00\",\"breadcrumb\":{\"@id\":\"https:\\\/\\\/mecanizadosidt.com\\\/fr\\\/index.php\\\/comment-nous-travaillons\\\/#breadcrumb\"},\"inLanguage\":\"fr-FR\",\"potentialAction\":[{\"@type\":\"ReadAction\",\"target\":[\"https:\\\/\\\/mecanizadosidt.com\\\/fr\\\/index.php\\\/comment-nous-travaillons\\\/\"]}]},{\"@type\":\"BreadcrumbList\",\"@id\":\"https:\\\/\\\/mecanizadosidt.com\\\/fr\\\/index.php\\\/comment-nous-travaillons\\\/#breadcrumb\",\"itemListElement\":[{\"@type\":\"ListItem\",\"position\":1,\"name\":\"Portada\",\"item\":\"https:\\\/\\\/mecanizadosidt.com\\\/fr\\\/\"},{\"@type\":\"ListItem\",\"position\":2,\"name\":\"Comment nous travaillons\"}]},{\"@type\":\"WebSite\",\"@id\":\"https:\\\/\\\/mecanizadosidt.com\\\/fr\\\/#website\",\"url\":\"https:\\\/\\\/mecanizadosidt.com\\\/fr\\\/\",\"name\":\"Mecanizados IDT\",\"description\":\"Mecanizados Navarra\",\"potentialAction\":[{\"@type\":\"SearchAction\",\"target\":{\"@type\":\"EntryPoint\",\"urlTemplate\":\"https:\\\/\\\/mecanizadosidt.com\\\/fr\\\/?s={search_term_string}\"},\"query-input\":{\"@type\":\"PropertyValueSpecification\",\"valueRequired\":true,\"valueName\":\"search_term_string\"}}],\"inLanguage\":\"fr-FR\"}]}<\/script>\n<!-- \/ Yoast SEO plugin. -->","yoast_head_json":{"title":"Comment nous travaillons - Mecanizados IDT","robots":{"index":"index","follow":"follow","max-snippet":"max-snippet:-1","max-image-preview":"max-image-preview:large","max-video-preview":"max-video-preview:-1"},"canonical":"https:\/\/mecanizadosidt.com\/fr\/index.php\/comment-nous-travaillons\/","og_locale":"fr_FR","og_type":"article","og_title":"Comment nous travaillons - Mecanizados IDT","og_description":"\u00a0 Comment nous travaillonsComment allons-nous fabriquer votre matrice ? La pi\u00e8ce finale en main, nous effectuons une premi\u00e8re analyse de la bande. Nous r\u00e9digeons en d\u00e9tail les sp\u00e9cifications de votre projet \u00e0 l'aide de programmes informatiques. Nous proc\u00e9dons ensuite \u00e0 une seconde analyse de bande pour obtenir les plans d\u00e9finitifs et garantir une marge d\u2019erreur [&hellip;]","og_url":"https:\/\/mecanizadosidt.com\/fr\/index.php\/comment-nous-travaillons\/","og_site_name":"Mecanizados IDT","article_modified_time":"2023-04-05T16:19:42+00:00","twitter_card":"summary_large_image","twitter_misc":{"Dur\u00e9e de lecture estim\u00e9e":"2 minutes"},"schema":{"@context":"https:\/\/schema.org","@graph":[{"@type":"WebPage","@id":"https:\/\/mecanizadosidt.com\/fr\/index.php\/comment-nous-travaillons\/","url":"https:\/\/mecanizadosidt.com\/fr\/index.php\/comment-nous-travaillons\/","name":"Comment nous travaillons - Mecanizados IDT","isPartOf":{"@id":"https:\/\/mecanizadosidt.com\/fr\/#website"},"datePublished":"2022-08-25T10:23:31+00:00","dateModified":"2023-04-05T16:19:42+00:00","breadcrumb":{"@id":"https:\/\/mecanizadosidt.com\/fr\/index.php\/comment-nous-travaillons\/#breadcrumb"},"inLanguage":"fr-FR","potentialAction":[{"@type":"ReadAction","target":["https:\/\/mecanizadosidt.com\/fr\/index.php\/comment-nous-travaillons\/"]}]},{"@type":"BreadcrumbList","@id":"https:\/\/mecanizadosidt.com\/fr\/index.php\/comment-nous-travaillons\/#breadcrumb","itemListElement":[{"@type":"ListItem","position":1,"name":"Portada","item":"https:\/\/mecanizadosidt.com\/fr\/"},{"@type":"ListItem","position":2,"name":"Comment nous travaillons"}]},{"@type":"WebSite","@id":"https:\/\/mecanizadosidt.com\/fr\/#website","url":"https:\/\/mecanizadosidt.com\/fr\/","name":"Mecanizados IDT","description":"Mecanizados Navarra","potentialAction":[{"@type":"SearchAction","target":{"@type":"EntryPoint","urlTemplate":"https:\/\/mecanizadosidt.com\/fr\/?s={search_term_string}"},"query-input":{"@type":"PropertyValueSpecification","valueRequired":true,"valueName":"search_term_string"}}],"inLanguage":"fr-FR"}]}},"_links":{"self":[{"href":"https:\/\/mecanizadosidt.com\/fr\/index.php\/wp-json\/wp\/v2\/pages\/828","targetHints":{"allow":["GET"]}}],"collection":[{"href":"https:\/\/mecanizadosidt.com\/fr\/index.php\/wp-json\/wp\/v2\/pages"}],"about":[{"href":"https:\/\/mecanizadosidt.com\/fr\/index.php\/wp-json\/wp\/v2\/types\/page"}],"author":[{"embeddable":true,"href":"https:\/\/mecanizadosidt.com\/fr\/index.php\/wp-json\/wp\/v2\/users\/2"}],"replies":[{"embeddable":true,"href":"https:\/\/mecanizadosidt.com\/fr\/index.php\/wp-json\/wp\/v2\/comments?post=828"}],"version-history":[{"count":0,"href":"https:\/\/mecanizadosidt.com\/fr\/index.php\/wp-json\/wp\/v2\/pages\/828\/revisions"}],"wp:attachment":[{"href":"https:\/\/mecanizadosidt.com\/fr\/index.php\/wp-json\/wp\/v2\/media?parent=828"}],"curies":[{"name":"wp","href":"https:\/\/api.w.org\/{rel}","templated":true}]}}